{"id":325,"date":"2025-11-19T16:33:22","date_gmt":"2025-11-19T15:33:22","guid":{"rendered":"https:\/\/medicalsupply.cl\/chile\/?post_type=product&#038;p=325"},"modified":"2025-11-19T20:15:08","modified_gmt":"2025-11-19T19:15:08","slug":"filtro-de-fluido-de-dialisis","status":"publish","type":"product","link":"https:\/\/medicalsupply.cl\/chile\/?product=filtro-de-fluido-de-dialisis","title":{"rendered":"Filtro de endotoxinas"},"content":{"rendered":"<p><strong>Membrana de polietersulfona &#8211; M\u00e1s excelente y m\u00e1s estable<\/strong><\/p>\n<p>Estructura microporosa de membrana de tipo esponja asim\u00e9trica de tres capas, con una fuerte capacidad de interceptaci\u00f3n y una alta resistencia estructural; Mejor resistencia a la presi\u00f3n, resistencia al calor, resistencia al envejecimiento, resistencia a la corrosi\u00f3n y otras caracter\u00edsticas.Sin disoluci\u00f3n de bisfenol A; Biocompatibilidad superior.<\/p>\n<p><strong>Esterilizaci\u00f3n por vapor &#8211; Mejor biocompatibilidad<\/strong><\/p>\n<p>No altera la naturaleza del material ni provoca decoloraci\u00f3n o fragilizaci\u00f3n. Posee una mejor biocompatibilidad sin toxicidad ni residuos.<\/p>\n<p><strong>Introducci\u00f3n a la l\u00ednea de producci\u00f3n europea proceso avanzado y alta fiabilidad del producto<\/strong><\/p>\n<p>El intercambio de conceptos de gesti\u00f3n avanzados y tecnolog\u00edas b\u00e1sicas de vanguardia garantiza la alta calidad del filtro de fluido de di\u00e1lisis.<\/p>\n<p><a href=\"https:\/\/medicalsupply.cl\/chile\/fichas\/filtro_fluido_dialisis.pdf\">Ficha t\u00e9cnica del producto<\/a><\/p>\n","protected":false},"excerpt":{"rendered":"<p>Membrana de polietersulfona &#8211; M\u00e1s excelente y m\u00e1s estable Estructura microporosa de membrana de tipo esponja asim\u00e9trica de tres capas, con una fuerte capacidad de interceptaci\u00f3n y una alta resistencia estructural; Mejor resistencia a la presi\u00f3n, resistencia al calor, resistencia al envejecimiento, resistencia a la corrosi\u00f3n y otras caracter\u00edsticas.Sin disoluci\u00f3n de bisfenol A; Biocompatibilidad superior. [&hellip;]<\/p>\n","protected":false},"featured_media":326,"comment_status":"open","ping_status":"closed","template":"","meta":[],"product_brand":[],"product_cat":[],"product_tag":[],"class_list":{"0":"post-325","1":"product","2":"type-product","3":"status-publish","4":"has-post-thumbnail","7":"first","8":"instock","9":"shipping-taxable","10":"product-type-simple"},"_links":{"self":[{"href":"https:\/\/medicalsupply.cl\/chile\/index.php?rest_route=\/wp\/v2\/product\/325","targetHints":{"allow":["GET"]}}],"collection":[{"href":"https:\/\/medicalsupply.cl\/chile\/index.php?rest_route=\/wp\/v2\/product"}],"about":[{"href":"https:\/\/medicalsupply.cl\/chile\/index.php?rest_route=\/wp\/v2\/types\/product"}],"replies":[{"embeddable":true,"href":"https:\/\/medicalsupply.cl\/chile\/index.php?rest_route=%2Fwp%2Fv2%2Fcomments&post=325"}],"wp:featuredmedia":[{"embeddable":true,"href":"https:\/\/medicalsupply.cl\/chile\/index.php?rest_route=\/wp\/v2\/media\/326"}],"wp:attachment":[{"href":"https:\/\/medicalsupply.cl\/chile\/index.php?rest_route=%2Fwp%2Fv2%2Fmedia&parent=325"}],"wp:term":[{"taxonomy":"product_brand","embeddable":true,"href":"https:\/\/medicalsupply.cl\/chile\/index.php?rest_route=%2Fwp%2Fv2%2Fproduct_brand&post=325"},{"taxonomy":"product_cat","embeddable":true,"href":"https:\/\/medicalsupply.cl\/chile\/index.php?rest_route=%2Fwp%2Fv2%2Fproduct_cat&post=325"},{"taxonomy":"product_tag","embeddable":true,"href":"https:\/\/medicalsupply.cl\/chile\/index.php?rest_route=%2Fwp%2Fv2%2Fproduct_tag&post=325"}],"curies":[{"name":"wp","href":"https:\/\/api.w.org\/{rel}","templated":true}]}}