{"id":224,"date":"2025-11-11T02:58:03","date_gmt":"2025-11-11T01:58:03","guid":{"rendered":"https:\/\/medicalsupply.cl\/chile\/?post_type=product&#038;p=224"},"modified":"2025-11-21T12:19:07","modified_gmt":"2025-11-21T11:19:07","slug":"sws-4000a-equipamiento-de-hemodialisis","status":"publish","type":"product","link":"https:\/\/medicalsupply.cl\/chile\/?product=sws-4000a-equipamiento-de-hemodialisis","title":{"rendered":"SWS-4000A Equipamiento de Hemodi\u00e1lisis"},"content":{"rendered":"<p>Filtraci\u00f3n de endotoxinas de doble etapas<\/p>\n<p>Reducir la complicaciones y asegurar la calidad de tratamiento para mejorar significativamente la supervivencia del paciente. F\u00e1cil de operar<\/p>\n<p>Pantalla t\u00e1ctil de 12.1 pulgadas LCD<\/p>\n<p>Interfaz de operador de multi lenguajes<\/p>\n<p>Nivel de fluido de ajuste autom\u00e1tico en el tubo venoso de burbujas efectivamente para prevenir el bloqueo y reducir el peligro<\/p>\n<p>Di\u00e1lisis secuencial f\u00e1cil (di\u00e1lisis*\u2014\u25baIUF) alto\/bajo di\u00e1lisis secuencial en sodio Seguro y eficaz<\/p>\n<p>Autotest obligatorio de circuito hidr\u00e1ulico, circuito de sangre y sistema de monitor \u2022 Monitoreo doble de l\u00ednea venosa en basis de \u00f3ptica y ultrasonido<\/p>\n<p>Control de realimentaci\u00f3n de configuraci\u00f3n de dializado para asegurar concentraci\u00f3n precisa de iones<\/p>\n<p>Control de realimentaci\u00f3n de balance de volumen para hacer ultrafiltraci\u00f3n preciosa Visualizado e inteligente<\/p>\n<p>Visualizaci\u00f3n expl\u00edcita de la ruta del fluido para mostrar el funcionamiento de los compartimentos<\/p>\n<p>Ofrecer pre-ajustar de temporizadores y desinfecci\u00f3n, con el registro de desinfecci\u00f3n creado<\/p>\n<p>Seguimiento y monitoreo din\u00e1mico de PA, PV Y PTM<\/p>\n<p>Registro de tratamiento para referencia futura Altamente compatible<\/p>\n<p>Compatible con varias marcas de dializador<\/p>\n<p>Compatible con todos tipos de polvo de di\u00e1lisis, y l\u00ednea de sangre<\/p>\n<p><a href=\"https:\/\/medicalsupply.cl\/chile\/fichas\/sws_4000a_f.pdf\">Ficha t\u00e9cnica del producto<\/a><\/p>\n","protected":false},"excerpt":{"rendered":"<p>Filtraci\u00f3n de endotoxinas de doble etapas Reducir la complicaciones y asegurar la calidad de tratamiento para mejorar significativamente la supervivencia del paciente. F\u00e1cil de operar Pantalla t\u00e1ctil de 12.1 pulgadas LCD Interfaz de operador de multi lenguajes Nivel de fluido de ajuste autom\u00e1tico en el tubo venoso de burbujas efectivamente para prevenir el bloqueo y [&hellip;]<\/p>\n","protected":false},"featured_media":225,"comment_status":"open","ping_status":"closed","template":"","meta":[],"product_brand":[],"product_cat":[],"product_tag":[],"class_list":{"0":"post-224","1":"product","2":"type-product","3":"status-publish","4":"has-post-thumbnail","7":"first","8":"instock","9":"shipping-taxable","10":"product-type-simple"},"_links":{"self":[{"href":"https:\/\/medicalsupply.cl\/chile\/index.php?rest_route=\/wp\/v2\/product\/224","targetHints":{"allow":["GET"]}}],"collection":[{"href":"https:\/\/medicalsupply.cl\/chile\/index.php?rest_route=\/wp\/v2\/product"}],"about":[{"href":"https:\/\/medicalsupply.cl\/chile\/index.php?rest_route=\/wp\/v2\/types\/product"}],"replies":[{"embeddable":true,"href":"https:\/\/medicalsupply.cl\/chile\/index.php?rest_route=%2Fwp%2Fv2%2Fcomments&post=224"}],"wp:featuredmedia":[{"embeddable":true,"href":"https:\/\/medicalsupply.cl\/chile\/index.php?rest_route=\/wp\/v2\/media\/225"}],"wp:attachment":[{"href":"https:\/\/medicalsupply.cl\/chile\/index.php?rest_route=%2Fwp%2Fv2%2Fmedia&parent=224"}],"wp:term":[{"taxonomy":"product_brand","embeddable":true,"href":"https:\/\/medicalsupply.cl\/chile\/index.php?rest_route=%2Fwp%2Fv2%2Fproduct_brand&post=224"},{"taxonomy":"product_cat","embeddable":true,"href":"https:\/\/medicalsupply.cl\/chile\/index.php?rest_route=%2Fwp%2Fv2%2Fproduct_cat&post=224"},{"taxonomy":"product_tag","embeddable":true,"href":"https:\/\/medicalsupply.cl\/chile\/index.php?rest_route=%2Fwp%2Fv2%2Fproduct_tag&post=224"}],"curies":[{"name":"wp","href":"https:\/\/api.w.org\/{rel}","templated":true}]}}