{"id":222,"date":"2025-11-11T02:49:50","date_gmt":"2025-11-11T01:49:50","guid":{"rendered":"https:\/\/medicalsupply.cl\/chile\/?post_type=product&#038;p=222"},"modified":"2025-11-19T16:21:00","modified_gmt":"2025-11-19T15:21:00","slug":"cartucho-cartridge-o-bi-cart-650g-760g-900g","status":"publish","type":"product","link":"https:\/\/medicalsupply.cl\/chile\/?product=cartucho-cartridge-o-bi-cart-650g-760g-900g","title":{"rendered":"Bicarbonato en polvo en cartucho (650g &#8211; 760g &#8211; 900 g.)"},"content":{"rendered":"<p>El producto es una materia prima dedicada a la preparaci\u00f3n de hemodi\u00e1lisis, utilizada para limpiar los desechos metab\u00f3licos en el cuerpo y mantener el equilibrio \u00e1cidobase. El producto corresponde a concentrado bicarbonato seco de 650, 760 y 900 gramos, contenido en una cartucho herm\u00e9tico para monitores con m\u00f3dulo BiCart de f\u00e1cil manipulaci\u00f3n, con cierre herm\u00e9tico que disminuye el riesgo de contaminaci\u00f3n y crecimiento bacteriano.<\/p>\n<p><a href=\"https:\/\/medicalsupply.cl\/chile\/fichas\/650_750_900g_f.pdf\">Ficha t\u00e9cnica del producto<\/a><\/p>\n","protected":false},"excerpt":{"rendered":"<p>El producto es una materia prima dedicada a la preparaci\u00f3n de hemodi\u00e1lisis, utilizada para limpiar los desechos metab\u00f3licos en el cuerpo y mantener el equilibrio \u00e1cidobase. El producto corresponde a concentrado bicarbonato seco de 650, 760 y 900 gramos, contenido en una cartucho herm\u00e9tico para monitores con m\u00f3dulo BiCart de f\u00e1cil manipulaci\u00f3n, con cierre herm\u00e9tico [&hellip;]<\/p>\n","protected":false},"featured_media":322,"comment_status":"open","ping_status":"closed","template":"","meta":[],"product_brand":[],"product_cat":[],"product_tag":[],"class_list":{"0":"post-222","1":"product","2":"type-product","3":"status-publish","4":"has-post-thumbnail","7":"first","8":"instock","9":"shipping-taxable","10":"product-type-simple"},"_links":{"self":[{"href":"https:\/\/medicalsupply.cl\/chile\/index.php?rest_route=\/wp\/v2\/product\/222","targetHints":{"allow":["GET"]}}],"collection":[{"href":"https:\/\/medicalsupply.cl\/chile\/index.php?rest_route=\/wp\/v2\/product"}],"about":[{"href":"https:\/\/medicalsupply.cl\/chile\/index.php?rest_route=\/wp\/v2\/types\/product"}],"replies":[{"embeddable":true,"href":"https:\/\/medicalsupply.cl\/chile\/index.php?rest_route=%2Fwp%2Fv2%2Fcomments&post=222"}],"wp:featuredmedia":[{"embeddable":true,"href":"https:\/\/medicalsupply.cl\/chile\/index.php?rest_route=\/wp\/v2\/media\/322"}],"wp:attachment":[{"href":"https:\/\/medicalsupply.cl\/chile\/index.php?rest_route=%2Fwp%2Fv2%2Fmedia&parent=222"}],"wp:term":[{"taxonomy":"product_brand","embeddable":true,"href":"https:\/\/medicalsupply.cl\/chile\/index.php?rest_route=%2Fwp%2Fv2%2Fproduct_brand&post=222"},{"taxonomy":"product_cat","embeddable":true,"href":"https:\/\/medicalsupply.cl\/chile\/index.php?rest_route=%2Fwp%2Fv2%2Fproduct_cat&post=222"},{"taxonomy":"product_tag","embeddable":true,"href":"https:\/\/medicalsupply.cl\/chile\/index.php?rest_route=%2Fwp%2Fv2%2Fproduct_tag&post=222"}],"curies":[{"name":"wp","href":"https:\/\/api.w.org\/{rel}","templated":true}]}}