{"id":212,"date":"2025-11-11T02:11:04","date_gmt":"2025-11-11T01:11:04","guid":{"rendered":"https:\/\/medicalsupply.cl\/chile\/?post_type=product&#038;p=212"},"modified":"2025-11-19T13:06:26","modified_gmt":"2025-11-19T12:06:26","slug":"filtro-de-alto-flujo-dializador-de-fibra-hueca","status":"publish","type":"product","link":"https:\/\/medicalsupply.cl\/chile\/?product=filtro-de-alto-flujo-dializador-de-fibra-hueca","title":{"rendered":"Filtro de alto flujo (Dializador de fibra hueca)"},"content":{"rendered":"<ul>\n<li>Las membranas de di\u00e1lisis de alto flujo mejoran las tasas de supervivencia de los pacientes<\/li>\n<li>Las membranas de di\u00e1lisis de alto flujo mejoran el pron\u00f3stico de los pacientes<\/li>\n<li>Alta eficiencia en el aclaramiento de toxinas ur\u00e9micas cr\u00edticas<\/li>\n<li>Distribuci\u00f3n razonable del coeficiente de filtrado<\/li>\n<li>Mejor aclaramiento de endotoxinas<\/li>\n<\/ul>\n<p><a href=\"https:\/\/medicalsupply.cl\/chile\/fichas\/filtro_alto_flujo.pdf\">Ficha t\u00e9cnica del producto<\/a><\/p>\n","protected":false},"excerpt":{"rendered":"<p>Las membranas de di\u00e1lisis de alto flujo mejoran las tasas de supervivencia de los pacientes Las membranas de di\u00e1lisis de alto flujo mejoran el pron\u00f3stico de los pacientes Alta eficiencia en el aclaramiento de toxinas ur\u00e9micas cr\u00edticas Distribuci\u00f3n razonable del coeficiente de filtrado Mejor aclaramiento de endotoxinas Ficha t\u00e9cnica del producto<\/p>\n","protected":false},"featured_media":314,"comment_status":"open","ping_status":"closed","template":"","meta":[],"product_brand":[],"product_cat":[],"product_tag":[],"class_list":{"0":"post-212","1":"product","2":"type-product","3":"status-publish","4":"has-post-thumbnail","7":"first","8":"instock","9":"shipping-taxable","10":"product-type-simple"},"_links":{"self":[{"href":"https:\/\/medicalsupply.cl\/chile\/index.php?rest_route=\/wp\/v2\/product\/212","targetHints":{"allow":["GET"]}}],"collection":[{"href":"https:\/\/medicalsupply.cl\/chile\/index.php?rest_route=\/wp\/v2\/product"}],"about":[{"href":"https:\/\/medicalsupply.cl\/chile\/index.php?rest_route=\/wp\/v2\/types\/product"}],"replies":[{"embeddable":true,"href":"https:\/\/medicalsupply.cl\/chile\/index.php?rest_route=%2Fwp%2Fv2%2Fcomments&post=212"}],"wp:featuredmedia":[{"embeddable":true,"href":"https:\/\/medicalsupply.cl\/chile\/index.php?rest_route=\/wp\/v2\/media\/314"}],"wp:attachment":[{"href":"https:\/\/medicalsupply.cl\/chile\/index.php?rest_route=%2Fwp%2Fv2%2Fmedia&parent=212"}],"wp:term":[{"taxonomy":"product_brand","embeddable":true,"href":"https:\/\/medicalsupply.cl\/chile\/index.php?rest_route=%2Fwp%2Fv2%2Fproduct_brand&post=212"},{"taxonomy":"product_cat","embeddable":true,"href":"https:\/\/medicalsupply.cl\/chile\/index.php?rest_route=%2Fwp%2Fv2%2Fproduct_cat&post=212"},{"taxonomy":"product_tag","embeddable":true,"href":"https:\/\/medicalsupply.cl\/chile\/index.php?rest_route=%2Fwp%2Fv2%2Fproduct_tag&post=212"}],"curies":[{"name":"wp","href":"https:\/\/api.w.org\/{rel}","templated":true}]}}