{"id":208,"date":"2025-11-11T01:56:36","date_gmt":"2025-11-11T00:56:36","guid":{"rendered":"https:\/\/medicalsupply.cl\/chile\/?post_type=product&#038;p=208"},"modified":"2025-11-21T12:19:53","modified_gmt":"2025-11-21T11:19:53","slug":"sws-6000-equipamiento-de-hemodialisis","status":"publish","type":"product","link":"https:\/\/medicalsupply.cl\/chile\/?product=sws-6000-equipamiento-de-hemodialisis","title":{"rendered":"SWS-6000 Equipamiento de Hemodi\u00e1lisis"},"content":{"rendered":"<p>Filtraci\u00f3n de endotoxinas de doble etapas<\/p>\n<p>Producir dializante de ultra puro y fluido de sustituci\u00f3n en l\u00ednea para cebar e infusi\u00f3n, reducir el uso de suero salino para cortar el costo<\/p>\n<p>Reducir la complicaciones y asegurar la calidad de tratamiento para mejorar significativamente la supervivencia del paciente Dise\u00f1o para operaci\u00f3n f\u00e1cil<\/p>\n<p>Operaciones guiadas para ajustar autotest, par\u00e1metros, tratamientos, enjuague y la desinfecci\u00f3n \u2022 Manejo claro de permisos y personajes (m\u00e9dicos, enfermeros e ingenieros) \u2022 Monitor rotable con la pantalla de 15 pulgadas<\/p>\n<p>Atenci\u00f3n personalizada y an\u00e1lisis habilitados por m\u00faltiples perfiles Mantenimiento f\u00e1cil<\/p>\n<p>El panel frontal autoblocante lo hace m\u00e1s f\u00e1cil para encender y ahorrar tiempo<\/p>\n<p>Placa de circuito modular y f\u00e1cil de instalar para simplificar el desmontaje y el mantenimiento Compatible altamente<\/p>\n<p>Compatible con todas las marcas de disposable y la variedad de dializado y f\u00f3rmulas personalizadas, adaptable a todas marcas de concentrado y desinfectante<\/p>\n<p>La bomba de heparina admite la identificaci\u00f3n autom\u00e1tica y la combinaci\u00f3n de jeringas<\/p>\n<p><a href=\"https:\/\/medicalsupply.cl\/chile\/fichas\/sws_6000_f.pdf\">Ficha t\u00e9cnica del producto<\/a><\/p>\n<p>&nbsp;<\/p>\n","protected":false},"excerpt":{"rendered":"<p>Filtraci\u00f3n de endotoxinas de doble etapas Producir dializante de ultra puro y fluido de sustituci\u00f3n en l\u00ednea para cebar e infusi\u00f3n, reducir el uso de suero salino para cortar el costo Reducir la complicaciones y asegurar la calidad de tratamiento para mejorar significativamente la supervivencia del paciente Dise\u00f1o para operaci\u00f3n f\u00e1cil Operaciones guiadas para ajustar [&hellip;]<\/p>\n","protected":false},"featured_media":226,"comment_status":"open","ping_status":"closed","template":"","meta":[],"product_brand":[],"product_cat":[],"product_tag":[],"class_list":{"0":"post-208","1":"product","2":"type-product","3":"status-publish","4":"has-post-thumbnail","7":"first","8":"instock","9":"shipping-taxable","10":"product-type-simple"},"_links":{"self":[{"href":"https:\/\/medicalsupply.cl\/chile\/index.php?rest_route=\/wp\/v2\/product\/208","targetHints":{"allow":["GET"]}}],"collection":[{"href":"https:\/\/medicalsupply.cl\/chile\/index.php?rest_route=\/wp\/v2\/product"}],"about":[{"href":"https:\/\/medicalsupply.cl\/chile\/index.php?rest_route=\/wp\/v2\/types\/product"}],"replies":[{"embeddable":true,"href":"https:\/\/medicalsupply.cl\/chile\/index.php?rest_route=%2Fwp%2Fv2%2Fcomments&post=208"}],"wp:featuredmedia":[{"embeddable":true,"href":"https:\/\/medicalsupply.cl\/chile\/index.php?rest_route=\/wp\/v2\/media\/226"}],"wp:attachment":[{"href":"https:\/\/medicalsupply.cl\/chile\/index.php?rest_route=%2Fwp%2Fv2%2Fmedia&parent=208"}],"wp:term":[{"taxonomy":"product_brand","embeddable":true,"href":"https:\/\/medicalsupply.cl\/chile\/index.php?rest_route=%2Fwp%2Fv2%2Fproduct_brand&post=208"},{"taxonomy":"product_cat","embeddable":true,"href":"https:\/\/medicalsupply.cl\/chile\/index.php?rest_route=%2Fwp%2Fv2%2Fproduct_cat&post=208"},{"taxonomy":"product_tag","embeddable":true,"href":"https:\/\/medicalsupply.cl\/chile\/index.php?rest_route=%2Fwp%2Fv2%2Fproduct_tag&post=208"}],"curies":[{"name":"wp","href":"https:\/\/api.w.org\/{rel}","templated":true}]}}