{"id":167,"date":"2025-11-10T18:39:25","date_gmt":"2025-11-10T17:39:25","guid":{"rendered":"https:\/\/medicalsupply.cl\/chile\/?post_type=product&#038;p=167"},"modified":"2025-11-19T13:08:11","modified_gmt":"2025-11-19T12:08:11","slug":"circuito-de-sangre-extracorporeo","status":"publish","type":"product","link":"https:\/\/medicalsupply.cl\/chile\/?product=circuito-de-sangre-extracorporeo","title":{"rendered":"Circuito de sangre extracorp\u00f3reo"},"content":{"rendered":"<p>Varios modelos con alta compatibilidad: M\u00e1s de diez modelos son compatibles con la mayor m\u00e1quina de di\u00e1lisis del mercado.<\/p>\n<p>Una amplia gama de accesorios: Accesorios como la l\u00ednea de infusi\u00f3n y conectores de pre-llenado, entre otros\u00a0est\u00e1n disponibles para que usted elija a su gusto, y pueden satisfacer las diferentes demandas.<\/p>\n<p>Doble ramificaci\u00f3n lateral de la bolsa de residuos: El funcionamiento de pre-llenado cumple los \u00faltimos requisitos SOP y el consenso industrial.<\/p>\n<p>Los productos cumplen con normas ISO y CE.<\/p>\n<p><a href=\"https:\/\/medicalsupply.cl\/chile\/fichas\/circuito_de_sangre_extracorporeo.pdf\">Ficha t\u00e9cnica del producto<\/a><\/p>\n","protected":false},"excerpt":{"rendered":"<p>Varios modelos con alta compatibilidad: M\u00e1s de diez modelos son compatibles con la mayor m\u00e1quina de di\u00e1lisis del mercado. Una amplia gama de accesorios: Accesorios como la l\u00ednea de infusi\u00f3n y conectores de pre-llenado, entre otros\u00a0est\u00e1n disponibles para que usted elija a su gusto, y pueden satisfacer las diferentes demandas. Doble ramificaci\u00f3n lateral de la [&hellip;]<\/p>\n","protected":false},"featured_media":320,"comment_status":"open","ping_status":"closed","template":"","meta":[],"product_brand":[],"product_cat":[],"product_tag":[],"class_list":{"0":"post-167","1":"product","2":"type-product","3":"status-publish","4":"has-post-thumbnail","7":"first","8":"instock","9":"shipping-taxable","10":"product-type-simple"},"_links":{"self":[{"href":"https:\/\/medicalsupply.cl\/chile\/index.php?rest_route=\/wp\/v2\/product\/167","targetHints":{"allow":["GET"]}}],"collection":[{"href":"https:\/\/medicalsupply.cl\/chile\/index.php?rest_route=\/wp\/v2\/product"}],"about":[{"href":"https:\/\/medicalsupply.cl\/chile\/index.php?rest_route=\/wp\/v2\/types\/product"}],"replies":[{"embeddable":true,"href":"https:\/\/medicalsupply.cl\/chile\/index.php?rest_route=%2Fwp%2Fv2%2Fcomments&post=167"}],"wp:featuredmedia":[{"embeddable":true,"href":"https:\/\/medicalsupply.cl\/chile\/index.php?rest_route=\/wp\/v2\/media\/320"}],"wp:attachment":[{"href":"https:\/\/medicalsupply.cl\/chile\/index.php?rest_route=%2Fwp%2Fv2%2Fmedia&parent=167"}],"wp:term":[{"taxonomy":"product_brand","embeddable":true,"href":"https:\/\/medicalsupply.cl\/chile\/index.php?rest_route=%2Fwp%2Fv2%2Fproduct_brand&post=167"},{"taxonomy":"product_cat","embeddable":true,"href":"https:\/\/medicalsupply.cl\/chile\/index.php?rest_route=%2Fwp%2Fv2%2Fproduct_cat&post=167"},{"taxonomy":"product_tag","embeddable":true,"href":"https:\/\/medicalsupply.cl\/chile\/index.php?rest_route=%2Fwp%2Fv2%2Fproduct_tag&post=167"}],"curies":[{"name":"wp","href":"https:\/\/api.w.org\/{rel}","templated":true}]}}