{"id":161,"date":"2025-11-10T18:08:42","date_gmt":"2025-11-10T17:08:42","guid":{"rendered":"https:\/\/medicalsupply.cl\/chile\/?post_type=product&#038;p=161"},"modified":"2025-11-24T12:14:12","modified_gmt":"2025-11-24T11:14:12","slug":"producto-de-prueba","status":"publish","type":"product","link":"https:\/\/medicalsupply.cl\/chile\/?product=producto-de-prueba","title":{"rendered":"Bicarbonato en polvo en bolsa herm\u00e9tica (650 y 900 g.)"},"content":{"rendered":"<p>El producto es una materia prima dedicada a la preparaci\u00f3n de hemodi\u00e1lisis, utilizada para limpiar los desechos metab\u00f3licos en el cuerpo y mantener el equilibrio \u00e1cidobase.<\/p>\n<p>El producto corresponde a concentrado bicarbonato seco de 650 y 900 gramos, contenido en una bolsa herm\u00e9tica compatible con monitores Fresenius 4008S y 5008 de f\u00e1cil manipulaci\u00f3n, con cierre herm\u00e9tico que disminuye el riesgo de contaminaci\u00f3n y crecimiento bacteriano.<\/p>\n<p><a href=\"https:\/\/medicalsupply.cl\/chile\/fichas\/650_900g_f.pdf\">Ficha t\u00e9cnica del producto<\/a><\/p>\n","protected":false},"excerpt":{"rendered":"<p>El producto es una materia prima dedicada a la preparaci\u00f3n de hemodi\u00e1lisis, utilizada para limpiar los desechos metab\u00f3licos en el cuerpo y mantener el equilibrio \u00e1cidobase. El producto corresponde a concentrado bicarbonato seco de 650 y 900 gramos, contenido en una bolsa herm\u00e9tica compatible con monitores Fresenius 4008S y 5008 de f\u00e1cil manipulaci\u00f3n, con cierre [&hellip;]<\/p>\n","protected":false},"featured_media":330,"comment_status":"open","ping_status":"closed","template":"","meta":[],"product_brand":[],"product_cat":[],"product_tag":[],"class_list":{"0":"post-161","1":"product","2":"type-product","3":"status-publish","4":"has-post-thumbnail","7":"first","8":"instock","9":"shipping-taxable","10":"product-type-simple"},"_links":{"self":[{"href":"https:\/\/medicalsupply.cl\/chile\/index.php?rest_route=\/wp\/v2\/product\/161","targetHints":{"allow":["GET"]}}],"collection":[{"href":"https:\/\/medicalsupply.cl\/chile\/index.php?rest_route=\/wp\/v2\/product"}],"about":[{"href":"https:\/\/medicalsupply.cl\/chile\/index.php?rest_route=\/wp\/v2\/types\/product"}],"replies":[{"embeddable":true,"href":"https:\/\/medicalsupply.cl\/chile\/index.php?rest_route=%2Fwp%2Fv2%2Fcomments&post=161"}],"wp:featuredmedia":[{"embeddable":true,"href":"https:\/\/medicalsupply.cl\/chile\/index.php?rest_route=\/wp\/v2\/media\/330"}],"wp:attachment":[{"href":"https:\/\/medicalsupply.cl\/chile\/index.php?rest_route=%2Fwp%2Fv2%2Fmedia&parent=161"}],"wp:term":[{"taxonomy":"product_brand","embeddable":true,"href":"https:\/\/medicalsupply.cl\/chile\/index.php?rest_route=%2Fwp%2Fv2%2Fproduct_brand&post=161"},{"taxonomy":"product_cat","embeddable":true,"href":"https:\/\/medicalsupply.cl\/chile\/index.php?rest_route=%2Fwp%2Fv2%2Fproduct_cat&post=161"},{"taxonomy":"product_tag","embeddable":true,"href":"https:\/\/medicalsupply.cl\/chile\/index.php?rest_route=%2Fwp%2Fv2%2Fproduct_tag&post=161"}],"curies":[{"name":"wp","href":"https:\/\/api.w.org\/{rel}","templated":true}]}}