{"id":9,"date":"2025-11-04T15:24:17","date_gmt":"2025-11-04T14:24:17","guid":{"rendered":"https:\/\/medicalsupply.cl\/chile\/?page_id=9"},"modified":"2025-12-02T18:06:34","modified_gmt":"2025-12-02T17:06:34","slug":"home","status":"publish","type":"page","link":"https:\/\/medicalsupply.cl\/chile\/","title":{"rendered":"Home"},"content":{"rendered":"<div class=\"wp-block-image\">\n<figure class=\"aligncenter size-full\"><img loading=\"lazy\" decoding=\"async\" width=\"343\" height=\"124\" src=\"http:\/\/medicalsupply.cl\/chile\/wp-content\/uploads\/2025\/11\/2025-11-10-13_33_28-\u6cf0\u4ed5\u5eb7logo.png\" alt=\"\" class=\"wp-image-87\" srcset=\"https:\/\/medicalsupply.cl\/chile\/wp-content\/uploads\/2025\/11\/2025-11-10-13_33_28-\u6cf0\u4ed5\u5eb7logo.png 343w, https:\/\/medicalsupply.cl\/chile\/wp-content\/uploads\/2025\/11\/2025-11-10-13_33_28-\u6cf0\u4ed5\u5eb7logo-300x108.png 300w\" sizes=\"auto, (max-width: 343px) 100vw, 343px\" \/><\/figure>\n<\/div>\n\n\n<p style=\"font-size:17px\"><strong>Tianjin Taishikang Pharmaceuticals Science Technic Co., Ltd.\u00a0<\/strong>fue fundada en 2004 con un capital registrado de 5 millones de yuanes. Se encarga principalmente de la I+D, la producci\u00f3n, el servicio y la comercializaci\u00f3n de instrumentos farmac\u00e9uticos, y es una empresa integral de alta tecnolog\u00eda y nueva.<\/p>\n\n\n\n<p style=\"font-size:17px\">Desde su fundaci\u00f3n, la empresa se ha centrado en la investigaci\u00f3n, el desarrollo, la producci\u00f3n y la comercializaci\u00f3n de productos para la purificaci\u00f3n de la sangre.<\/p>\n\n\n\n<p style=\"font-size:17px\">Nos hemos comprometido con la innovaci\u00f3n y la integraci\u00f3n de la producci\u00f3n, el aprendizaje y la investigaci\u00f3n. Hemos colaborado con diversas universidades, institutos de investigaci\u00f3n y empresas del sector para desarrollar productos de alta gama para la purificaci\u00f3n de la sangre.<\/p>\n\n\n\n<p style=\"font-size:17px\">Nuestros productos de di\u00e1lisis individualizados se pueden utilizar en diversas m\u00e1quinas de di\u00e1lisis de diversos hospitales. Su rendimiento y calidad igualan o incluso superan los est\u00e1ndares de otros productos del mismo sector, con un gran potencial de desarrollo y una fuerte competencia en el mercado.<\/p>\n\n\n\n<p style=\"font-size:17px\">Nuestra empresa se ha centrado en desafiar la tecnolog\u00eda de vanguardia, desarrollar nuevos productos para la purificaci\u00f3n de la sangre y productos relacionados, y en brindar un servicio integral a los pacientes.<\/p>\n\n\n\n<hr class=\"wp-block-separator has-alpha-channel-opacity\"\/>\n\n\n<div class=\"wp-block-image\">\n<figure class=\"aligncenter size-full is-resized\"><img loading=\"lazy\" decoding=\"async\" width=\"743\" height=\"162\" src=\"https:\/\/medicalsupply.cl\/chile\/wp-content\/uploads\/2025\/11\/2025-11-10-13_32_52-WEGO.png\" alt=\"\" class=\"wp-image-88\" style=\"width:380px\" srcset=\"https:\/\/medicalsupply.cl\/chile\/wp-content\/uploads\/2025\/11\/2025-11-10-13_32_52-WEGO.png 743w, https:\/\/medicalsupply.cl\/chile\/wp-content\/uploads\/2025\/11\/2025-11-10-13_32_52-WEGO-300x65.png 300w, https:\/\/medicalsupply.cl\/chile\/wp-content\/uploads\/2025\/11\/2025-11-10-13_32_52-WEGO-600x131.png 600w\" sizes=\"auto, (max-width: 743px) 100vw, 743px\" \/><\/figure>\n<\/div>\n\n\n<p style=\"font-size:17px\"><strong>WEGO Overseas Management Industrial Group es una filial de Weigao Group<\/strong>, fabricante l\u00edder de dispositivos m\u00e9dicos especializado en producci\u00f3n y comercio internacional.<\/p>\n\n\n\n<p style=\"font-size:17px\">La empresa se dedica principalmente a la investigaci\u00f3n, el desarrollo, la producci\u00f3n y la venta de productos m\u00e9dicos desechables, como equipos de infusi\u00f3n, jeringas, equipos de transfusi\u00f3n sangu\u00ednea, bolsas de sangre y tubos de recolecci\u00f3n de sangre.<\/p>\n\n\n\n<p style=\"font-size:17px\">Con una capacidad de producci\u00f3n de m\u00e1s de 1000 variedades y m\u00e1s de 150\u00a0000 especificaciones de dispositivos m\u00e9dicos y otros productos, es un proveedor global integral, seguro, fiable y de confianza en soluciones para sistemas m\u00e9dicos.<\/p>\n\n\n\n<hr class=\"wp-block-separator has-alpha-channel-opacity\"\/>\n\n\n<div class=\"wp-block-image\">\n<figure class=\"aligncenter size-full is-resized\"><img loading=\"lazy\" decoding=\"async\" width=\"436\" height=\"220\" src=\"https:\/\/medicalsupply.cl\/chile\/wp-content\/uploads\/2025\/11\/logo_sws_gr.png\" alt=\"\" class=\"wp-image-182\" style=\"width:380px\" srcset=\"https:\/\/medicalsupply.cl\/chile\/wp-content\/uploads\/2025\/11\/logo_sws_gr.png 436w, https:\/\/medicalsupply.cl\/chile\/wp-content\/uploads\/2025\/11\/logo_sws_gr-300x151.png 300w\" sizes=\"auto, (max-width: 436px) 100vw, 436px\" \/><\/figure>\n<\/div>\n\n\n<p style=\"font-size:17px\"><strong>SWS Hemodialysis Care Co., Ltd. (\u201cSWS\u201d)<\/strong> fue fundada en 2001 y proporciona soluciones integradas de purificaci\u00f3n de sangre para la mejor atenci\u00f3n a pacientes con insuficiencia renal y en estado cr\u00edtico en todo el mundo.<\/p>\n\n\n\n<p style=\"font-size:17px\">Nuestros productos y servicios incluyen dispositivos de purificaci\u00f3n de sangre, desechables, sistema inteligente de gesti\u00f3n de di\u00e1lisis y servicios de centros de di\u00e1lisis.<\/p>\n\n\n\n<p style=\"font-size:17px\">La innovaci\u00f3n est\u00e1 en el ADN de SWS. Durante las \u00faltimas dos d\u00e9cadas, SWS ha asegurado tecnolog\u00edas claves, investigaci\u00f3n y m\u00e9todos de ingenier\u00eda en la purificaci\u00f3n de la sangre.<\/p>\n\n\n\n<p style=\"font-size:17px\">Poseemos derechos de propiedad intelectual independientes y cientos de patentes autorizadas. Reconocida como empresa nacional de demostraci\u00f3n en innovaci\u00f3n tecnol\u00f3gica, SWS ha puesto en marcha centros de investigaci\u00f3n en tecnolog\u00eda e ingenier\u00eda y una estaci\u00f3n de trabajo posdoctoral a nivel nacional. Como pionero del mercado en China, tambi\u00e9n ha participado en el establecimiento de tres >est\u00e1ndares nacionales y cinco est\u00e1ndares de la industria.<\/p>\n\n\n\n<hr class=\"wp-block-separator has-alpha-channel-opacity\"\/>\n\n\n<div class=\"wp-block-image\">\n<figure class=\"aligncenter size-full is-resized\"><img loading=\"lazy\" decoding=\"async\" width=\"419\" height=\"176\" src=\"https:\/\/medicalsupply.cl\/chile\/wp-content\/uploads\/2025\/11\/logo_wesley2.png\" alt=\"\" class=\"wp-image-188\" style=\"width:380px\" srcset=\"https:\/\/medicalsupply.cl\/chile\/wp-content\/uploads\/2025\/11\/logo_wesley2.png 419w, https:\/\/medicalsupply.cl\/chile\/wp-content\/uploads\/2025\/11\/logo_wesley2-300x126.png 300w\" sizes=\"auto, (max-width: 419px) 100vw, 419px\" \/><\/figure>\n<\/div>\n\n\n<p style=\"font-size:17px\"><strong>Chengdu Wesley Bioscience Technology Co., Ltd.<\/strong>, fundada en 2006, es una empresa de alta tecnolog\u00eda especializada en I+D, producci\u00f3n, ventas y soporte t\u00e9cnico de dispositivos de purificaci\u00f3n sangu\u00ednea. Con tecnolog\u00eda de vanguardia internacional, ofrece una soluci\u00f3n integral para la hemodi\u00e1lisis.<\/p>\n\n\n\n<p style=\"font-size:17px\">Contamos con m\u00e1s de 100 derechos de propiedad intelectual propios y m\u00e1s de 60 aprobaciones de proyectos a nivel nacional, provincial y municipal.<\/p>\n\n\n\n<p style=\"font-size:17px\">Wesley promueve el concepto de talento basado en la integridad moral y el aprovechamiento de las fortalezas, priorizando el crecimiento conjunto de empleados y empresa, el respeto a los valores humanos y la salud, el desarrollo de la empresa mediante la alta tecnolog\u00eda, la b\u00fasqueda de la excelencia a trav\u00e9s de la calidad, la generaci\u00f3n de riqueza con visi\u00f3n estrat\u00e9gica y el cuidado continuo de la salud humana.<\/p>\n\n\n\n<p style=\"font-size:17px\">Promover la salud de los pacientes renales en todo el mundo es el objetivo principal de la empresa y su expansi\u00f3n futura.<\/p>\n\n\n\n<hr class=\"wp-block-separator has-alpha-channel-opacity\"\/>\n\n\n<div class=\"wp-block-image\">\n<figure class=\"aligncenter size-full is-resized\"><img loading=\"lazy\" decoding=\"async\" width=\"396\" height=\"156\" src=\"https:\/\/medicalsupply.cl\/chile\/wp-content\/uploads\/2025\/11\/logo_sanus.png\" alt=\"\" class=\"wp-image-192\" style=\"width:380px\" srcset=\"https:\/\/medicalsupply.cl\/chile\/wp-content\/uploads\/2025\/11\/logo_sanus.png 396w, https:\/\/medicalsupply.cl\/chile\/wp-content\/uploads\/2025\/11\/logo_sanus-300x118.png 300w\" sizes=\"auto, (max-width: 396px) 100vw, 396px\" \/><\/figure>\n<\/div>\n\n\n<p style=\"font-size:17px\"><strong>Sanus Medical Ltd.<\/strong>, su socio de confianza en soluciones m\u00e9dicas de vanguardia en Turqu\u00eda. Con una s\u00f3lida trayectoria de tres d\u00e9cadas, nos enorgullece ser un distribuidor l\u00edder y experimentado de dispositivos m\u00e9dicos, comprometido con la mejora de la atenci\u00f3n sanitaria en todo el pa\u00eds.<\/p>\n\n\n\n<p style=\"font-size:17px\">Sanus Medical se ha mantenido a la vanguardia en la distribuci\u00f3n de dispositivos m\u00e9dicos, brindando soluciones innovadoras que transforman la vida de profesionales e instituciones de la salud. Nuestro firme compromiso con la calidad, la confiabilidad y la satisfacci\u00f3n del cliente ha consolidado nuestra posici\u00f3n como una marca de confianza en el sector.<\/p>\n\n\n\n<p style=\"font-size:17px\">Con m\u00e1s de 30 a\u00f1os de experiencia, aportamos un amplio conocimiento. Nuestro equipo experimentado se dedica a mantenerse a la vanguardia de las tendencias del sector, garantizando que sigamos ofreciendo los \u00faltimos avances en tecnolog\u00eda m\u00e9dica a nuestros valiosos clientes.<\/p>\n\n\n\n<p><\/p>\n","protected":false},"excerpt":{"rendered":"<p>Tianjin Taishikang Pharmaceuticals Science Technic Co., Ltd.\u00a0fue fundada en 2004 con un capital registrado de 5 millones de yuanes. Se encarga principalmente de la I+D, la producci\u00f3n, el servicio y la comercializaci\u00f3n de instrumentos farmac\u00e9uticos, y es una empresa integral de alta tecnolog\u00eda y nueva. Desde su fundaci\u00f3n, la empresa se ha centrado en la [&hellip;]<\/p>\n","protected":false},"author":1,"featured_media":0,"parent":0,"menu_order":0,"comment_status":"closed","ping_status":"closed","template":"page-template\/custom-home-page.php","meta":{"footnotes":""},"class_list":["post-9","page","type-page","status-publish","hentry"],"_links":{"self":[{"href":"https:\/\/medicalsupply.cl\/chile\/index.php?rest_route=\/wp\/v2\/pages\/9","targetHints":{"allow":["GET"]}}],"collection":[{"href":"https:\/\/medicalsupply.cl\/chile\/index.php?rest_route=\/wp\/v2\/pages"}],"about":[{"href":"https:\/\/medicalsupply.cl\/chile\/index.php?rest_route=\/wp\/v2\/types\/page"}],"author":[{"embeddable":true,"href":"https:\/\/medicalsupply.cl\/chile\/index.php?rest_route=\/wp\/v2\/users\/1"}],"replies":[{"embeddable":true,"href":"https:\/\/medicalsupply.cl\/chile\/index.php?rest_route=%2Fwp%2Fv2%2Fcomments&post=9"}],"version-history":[{"count":46,"href":"https:\/\/medicalsupply.cl\/chile\/index.php?rest_route=\/wp\/v2\/pages\/9\/revisions"}],"predecessor-version":[{"id":358,"href":"https:\/\/medicalsupply.cl\/chile\/index.php?rest_route=\/wp\/v2\/pages\/9\/revisions\/358"}],"wp:attachment":[{"href":"https:\/\/medicalsupply.cl\/chile\/index.php?rest_route=%2Fwp%2Fv2%2Fmedia&parent=9"}],"curies":[{"name":"wp","href":"https:\/\/api.w.org\/{rel}","templated":true}]}}