{"id":266,"date":"2025-11-13T13:42:04","date_gmt":"2025-11-13T12:42:04","guid":{"rendered":"https:\/\/medicalsupply.cl\/chile\/?page_id=266"},"modified":"2025-11-13T14:05:24","modified_gmt":"2025-11-13T13:05:24","slug":"catalogo-virtual","status":"publish","type":"page","link":"https:\/\/medicalsupply.cl\/chile\/?page_id=266","title":{"rendered":"Cat\u00e1logo virtual"},"content":{"rendered":"\n<p>Elija la opci\u00f3n de su preferencia<\/p>\n\n\n\n<figure class=\"wp-block-table is-style-stripes has-large-font-size\"><table class=\"has-fixed-layout\"><tbody><tr><td class=\"has-text-align-center\" data-align=\"center\"><a href=\"https:\/\/medicalsupply.cl\/chile\/?page_id=107\" data-type=\"page\" data-id=\"107\"><img loading=\"lazy\" decoding=\"async\" width=\"600\" height=\"286\" class=\"wp-image-273\" style=\"width: 600px;\" src=\"http:\/\/medicalsupply.cl\/chile\/wp-content\/uploads\/2025\/11\/renal.jpg\" alt=\"\" srcset=\"https:\/\/medicalsupply.cl\/chile\/wp-content\/uploads\/2025\/11\/renal.jpg 1200w, https:\/\/medicalsupply.cl\/chile\/wp-content\/uploads\/2025\/11\/renal-300x143.jpg 300w, https:\/\/medicalsupply.cl\/chile\/wp-content\/uploads\/2025\/11\/renal-600x286.jpg 600w, https:\/\/medicalsupply.cl\/chile\/wp-content\/uploads\/2025\/11\/renal-1024x488.jpg 1024w, https:\/\/medicalsupply.cl\/chile\/wp-content\/uploads\/2025\/11\/renal-768x366.jpg 768w\" sizes=\"auto, (max-width: 600px) 100vw, 600px\" \/><\/a><\/td><\/tr><tr><td class=\"has-text-align-center\" data-align=\"center\"><strong>L\u00ednea renal<\/strong><\/td><\/tr><tr><td class=\"has-text-align-center\" data-align=\"center\"><a href=\"https:\/\/medicalsupply.cl\/chile\/?page_id=251\" data-type=\"page\" data-id=\"251\"><img loading=\"lazy\" decoding=\"async\" width=\"600\" height=\"286\" class=\"wp-image-276\" style=\"width: 600px;\" src=\"http:\/\/medicalsupply.cl\/chile\/wp-content\/uploads\/2025\/11\/hospit2.jpg\" alt=\"\" srcset=\"https:\/\/medicalsupply.cl\/chile\/wp-content\/uploads\/2025\/11\/hospit2.jpg 1020w, https:\/\/medicalsupply.cl\/chile\/wp-content\/uploads\/2025\/11\/hospit2-300x143.jpg 300w, https:\/\/medicalsupply.cl\/chile\/wp-content\/uploads\/2025\/11\/hospit2-600x286.jpg 600w, https:\/\/medicalsupply.cl\/chile\/wp-content\/uploads\/2025\/11\/hospit2-768x366.jpg 768w\" sizes=\"auto, (max-width: 600px) 100vw, 600px\" \/><\/a><\/td><\/tr><tr><td class=\"has-text-align-center\" data-align=\"center\"><strong>L\u00ednea hospitalaria y enfermer\u00eda<\/strong><\/td><\/tr><\/tbody><\/table><\/figure>\n\n\n\n<p><\/p>\n","protected":false},"excerpt":{"rendered":"<p>Elija la opci\u00f3n de su preferencia L\u00ednea renal L\u00ednea hospitalaria y enfermer\u00eda<\/p>\n","protected":false},"author":1,"featured_media":0,"parent":0,"menu_order":0,"comment_status":"closed","ping_status":"closed","template":"","meta":{"footnotes":""},"class_list":["post-266","page","type-page","status-publish","hentry"],"_links":{"self":[{"href":"https:\/\/medicalsupply.cl\/chile\/index.php?rest_route=\/wp\/v2\/pages\/266","targetHints":{"allow":["GET"]}}],"collection":[{"href":"https:\/\/medicalsupply.cl\/chile\/index.php?rest_route=\/wp\/v2\/pages"}],"about":[{"href":"https:\/\/medicalsupply.cl\/chile\/index.php?rest_route=\/wp\/v2\/types\/page"}],"author":[{"embeddable":true,"href":"https:\/\/medicalsupply.cl\/chile\/index.php?rest_route=\/wp\/v2\/users\/1"}],"replies":[{"embeddable":true,"href":"https:\/\/medicalsupply.cl\/chile\/index.php?rest_route=%2Fwp%2Fv2%2Fcomments&post=266"}],"version-history":[{"count":5,"href":"https:\/\/medicalsupply.cl\/chile\/index.php?rest_route=\/wp\/v2\/pages\/266\/revisions"}],"predecessor-version":[{"id":278,"href":"https:\/\/medicalsupply.cl\/chile\/index.php?rest_route=\/wp\/v2\/pages\/266\/revisions\/278"}],"wp:attachment":[{"href":"https:\/\/medicalsupply.cl\/chile\/index.php?rest_route=%2Fwp%2Fv2%2Fmedia&parent=266"}],"curies":[{"name":"wp","href":"https:\/\/api.w.org\/{rel}","templated":true}]}}