{"id":251,"date":"2025-11-13T03:21:59","date_gmt":"2025-11-13T02:21:59","guid":{"rendered":"https:\/\/medicalsupply.cl\/chile\/?page_id=251"},"modified":"2025-11-15T03:52:33","modified_gmt":"2025-11-15T02:52:33","slug":"grupo-flexing","status":"publish","type":"page","link":"https:\/\/medicalsupply.cl\/chile\/?page_id=251","title":{"rendered":"Cat\u00e1logo, l\u00ednea hospitalaria y enfermer\u00eda"},"content":{"rendered":"\n<p>Somos distribuidores exclusivos para la industria renal del <strong>grupo Flexing<\/strong>.<\/p>\n\n\n\n<p>Revise el cat\u00e1logo virtual a continuaci\u00f3n y cont\u00e1ctenos por una cotizaci\u00f3n personalizada.<\/p>\n\n\n<div class=\"real3dflipbook\" id=\"2_69d28614e2f63\" style=\"position:absolute;\"><\/div>\n","protected":false},"excerpt":{"rendered":"<p>Somos distribuidores exclusivos para la industria renal del grupo Flexing. Revise el cat\u00e1logo virtual a continuaci\u00f3n y cont\u00e1ctenos por una cotizaci\u00f3n personalizada.<\/p>\n","protected":false},"author":1,"featured_media":0,"parent":0,"menu_order":0,"comment_status":"closed","ping_status":"closed","template":"","meta":{"footnotes":""},"class_list":["post-251","page","type-page","status-publish","hentry"],"_links":{"self":[{"href":"https:\/\/medicalsupply.cl\/chile\/index.php?rest_route=\/wp\/v2\/pages\/251","targetHints":{"allow":["GET"]}}],"collection":[{"href":"https:\/\/medicalsupply.cl\/chile\/index.php?rest_route=\/wp\/v2\/pages"}],"about":[{"href":"https:\/\/medicalsupply.cl\/chile\/index.php?rest_route=\/wp\/v2\/types\/page"}],"author":[{"embeddable":true,"href":"https:\/\/medicalsupply.cl\/chile\/index.php?rest_route=\/wp\/v2\/users\/1"}],"replies":[{"embeddable":true,"href":"https:\/\/medicalsupply.cl\/chile\/index.php?rest_route=%2Fwp%2Fv2%2Fcomments&post=251"}],"version-history":[{"count":7,"href":"https:\/\/medicalsupply.cl\/chile\/index.php?rest_route=\/wp\/v2\/pages\/251\/revisions"}],"predecessor-version":[{"id":295,"href":"https:\/\/medicalsupply.cl\/chile\/index.php?rest_route=\/wp\/v2\/pages\/251\/revisions\/295"}],"wp:attachment":[{"href":"https:\/\/medicalsupply.cl\/chile\/index.php?rest_route=%2Fwp%2Fv2%2Fmedia&parent=251"}],"curies":[{"name":"wp","href":"https:\/\/api.w.org\/{rel}","templated":true}]}}