{"id":13,"date":"2025-11-04T15:24:18","date_gmt":"2025-11-04T14:24:18","guid":{"rendered":"https:\/\/medicalsupply.cl\/chile\/?page_id=13"},"modified":"2025-11-10T17:24:09","modified_gmt":"2025-11-10T16:24:09","slug":"about-us","status":"publish","type":"page","link":"https:\/\/medicalsupply.cl\/chile\/?page_id=13","title":{"rendered":"Sobre MEDICAL SUPPLY"},"content":{"rendered":"\n<p>Medical Supply es una empresa chilena especializada en la importaci\u00f3n, distribuci\u00f3n y comercializaci\u00f3n de dispositivos m\u00e9dicos, con especial enfoque en el \u00e1rea renal y di\u00e1lisis, como en el \u00e1rea de enfermer\u00eda y hospitalaria.<\/p>\n\n\n<div class=\"wp-block-image\">\n<figure class=\"alignleft size-large is-resized\"><img loading=\"lazy\" decoding=\"async\" width=\"768\" height=\"1024\" src=\"http:\/\/medicalsupply.cl\/chile\/wp-content\/uploads\/2025\/11\/IMG-20251105-WA0021-1-768x1024.jpg\" alt=\"\" class=\"wp-image-82\" style=\"width:200px;height:auto\" srcset=\"https:\/\/medicalsupply.cl\/chile\/wp-content\/uploads\/2025\/11\/IMG-20251105-WA0021-1-768x1024.jpg 768w, https:\/\/medicalsupply.cl\/chile\/wp-content\/uploads\/2025\/11\/IMG-20251105-WA0021-1-300x400.jpg 300w, https:\/\/medicalsupply.cl\/chile\/wp-content\/uploads\/2025\/11\/IMG-20251105-WA0021-1-600x800.jpg 600w, https:\/\/medicalsupply.cl\/chile\/wp-content\/uploads\/2025\/11\/IMG-20251105-WA0021-1-225x300.jpg 225w, https:\/\/medicalsupply.cl\/chile\/wp-content\/uploads\/2025\/11\/IMG-20251105-WA0021-1-1152x1536.jpg 1152w, https:\/\/medicalsupply.cl\/chile\/wp-content\/uploads\/2025\/11\/IMG-20251105-WA0021-1.jpg 1200w\" sizes=\"auto, (max-width: 768px) 100vw, 768px\" \/><\/figure>\n<\/div>\n\n\n<p>Nuestro compromiso es colaborar en la entrega de un servicio personalizado y de alta calidad a precios accesibles para nuestros clientes, seleccionando cuidadosamente las alianzas comerciales que realizamos.<\/p>\n\n\n<div class=\"wp-block-image\">\n<figure class=\"alignright size-large is-resized\"><img loading=\"lazy\" decoding=\"async\" width=\"768\" height=\"1024\" src=\"https:\/\/medicalsupply.cl\/chile\/wp-content\/uploads\/2025\/11\/IMG-20251105-WA0030-768x1024.jpg\" alt=\"\" class=\"wp-image-80\" style=\"width:192px;height:auto\" srcset=\"https:\/\/medicalsupply.cl\/chile\/wp-content\/uploads\/2025\/11\/IMG-20251105-WA0030-768x1024.jpg 768w, https:\/\/medicalsupply.cl\/chile\/wp-content\/uploads\/2025\/11\/IMG-20251105-WA0030-300x400.jpg 300w, https:\/\/medicalsupply.cl\/chile\/wp-content\/uploads\/2025\/11\/IMG-20251105-WA0030-600x800.jpg 600w, https:\/\/medicalsupply.cl\/chile\/wp-content\/uploads\/2025\/11\/IMG-20251105-WA0030-225x300.jpg 225w, https:\/\/medicalsupply.cl\/chile\/wp-content\/uploads\/2025\/11\/IMG-20251105-WA0030-1152x1536.jpg 1152w, https:\/\/medicalsupply.cl\/chile\/wp-content\/uploads\/2025\/11\/IMG-20251105-WA0030.jpg 1200w\" sizes=\"auto, (max-width: 768px) 100vw, 768px\" \/><\/figure>\n<\/div>\n\n\n<p>Nuestro amplio cat\u00e1logo de productos contiene los principales insumos para tratamientos renales y algunos hospitalarios, que cuentan con certificaciones internacionales de calidad, garantizando su confiabilidad y cumplimiento normativo.<\/p>\n\n\n\n<p>Trabajamos con marcas de amplio reconocimiento y trayectoria internacional, en especial en el rubro de purificaci\u00f3n de sangre. Teniendo las distribuciones de marcas como: SWS Medical, WEGO, Wesley, Taishikang (TKS) y SANUS, quienes nos otorgan respaldo t\u00e9cnico permanente.<\/p>\n\n\n\n<p>En Medical Supply contamos con un equipo multidisciplinario y altamente capacitado para brindar soluciones eficientes, seguras y oportunas de acuerdo a sus requerimientos.<\/p>\n\n\n\n<p><\/p>\n","protected":false},"excerpt":{"rendered":"<p>Medical Supply es una empresa chilena especializada en la importaci\u00f3n, distribuci\u00f3n y comercializaci\u00f3n de dispositivos m\u00e9dicos, con especial enfoque en el \u00e1rea renal y di\u00e1lisis, como en el \u00e1rea de enfermer\u00eda y hospitalaria. Nuestro compromiso es colaborar en la entrega de un servicio personalizado y de alta calidad a precios accesibles para nuestros clientes, seleccionando [&hellip;]<\/p>\n","protected":false},"author":1,"featured_media":0,"parent":0,"menu_order":0,"comment_status":"closed","ping_status":"closed","template":"","meta":{"footnotes":""},"class_list":["post-13","page","type-page","status-publish","hentry"],"_links":{"self":[{"href":"https:\/\/medicalsupply.cl\/chile\/index.php?rest_route=\/wp\/v2\/pages\/13","targetHints":{"allow":["GET"]}}],"collection":[{"href":"https:\/\/medicalsupply.cl\/chile\/index.php?rest_route=\/wp\/v2\/pages"}],"about":[{"href":"https:\/\/medicalsupply.cl\/chile\/index.php?rest_route=\/wp\/v2\/types\/page"}],"author":[{"embeddable":true,"href":"https:\/\/medicalsupply.cl\/chile\/index.php?rest_route=\/wp\/v2\/users\/1"}],"replies":[{"embeddable":true,"href":"https:\/\/medicalsupply.cl\/chile\/index.php?rest_route=%2Fwp%2Fv2%2Fcomments&post=13"}],"version-history":[{"count":7,"href":"https:\/\/medicalsupply.cl\/chile\/index.php?rest_route=\/wp\/v2\/pages\/13\/revisions"}],"predecessor-version":[{"id":85,"href":"https:\/\/medicalsupply.cl\/chile\/index.php?rest_route=\/wp\/v2\/pages\/13\/revisions\/85"}],"wp:attachment":[{"href":"https:\/\/medicalsupply.cl\/chile\/index.php?rest_route=%2Fwp%2Fv2%2Fmedia&parent=13"}],"curies":[{"name":"wp","href":"https:\/\/api.w.org\/{rel}","templated":true}]}}